{"id":2047,"date":"2025-11-20T02:27:28","date_gmt":"2025-11-20T02:27:28","guid":{"rendered":"https:\/\/moviediscopuntacana.com\/?post_type=product&#038;p=2047"},"modified":"2026-04-20T22:26:45","modified_gmt":"2026-04-20T22:26:45","slug":"seccion-vip-regular","status":"publish","type":"product","link":"https:\/\/moviediscopuntacana.com\/es\/product\/seccion-vip-regular\/","title":{"rendered":"Seccion VIP Regular"},"content":{"rendered":"","protected":false},"excerpt":{"rendered":"<p>Este paquete incluye entrada al club y una mesa VIP.<\/p>\n<p>Recogida de ida y vuelta desde su hotel o cualquier lugar de Punta Cana. Si su hotel no aparece en la lista, seleccione Airbnb e ingrese la direcci\u00f3n.<\/p>\n<hr \/>\n<p><strong>Hora de recogida: 10:45<\/strong><br \/>\n<strong>Regreso: 3:30<\/strong><\/p>\n<hr \/>\n<p><strong>(Capacity up to 9 people)<\/strong><br \/>\nEl transporte es privado. Si desea quedarse m\u00e1s tiempo, se aplicar\u00e1 un cargo adicional de US$50 por hora, que deber\u00e1 abonar al conductor.<\/p>\n<p><strong>(Bebidas no incluidas)<\/strong><\/p>","protected":false},"featured_media":2049,"comment_status":"open","ping_status":"closed","template":"","meta":{"_acf_changed":false},"product_brand":[],"product_cat":[17],"product_tag":[],"class_list":{"0":"post-2047","1":"product","2":"type-product","3":"status-publish","4":"has-post-thumbnail","6":"product_cat-sections","7":"tm-has-options","9":"first","10":"instock","11":"shipping-taxable","12":"purchasable","13":"product-type-simple"},"acf":[],"_links":{"self":[{"href":"https:\/\/moviediscopuntacana.com\/es\/wp-json\/wp\/v2\/product\/2047","targetHints":{"allow":["GET"]}}],"collection":[{"href":"https:\/\/moviediscopuntacana.com\/es\/wp-json\/wp\/v2\/product"}],"about":[{"href":"https:\/\/moviediscopuntacana.com\/es\/wp-json\/wp\/v2\/types\/product"}],"replies":[{"embeddable":true,"href":"https:\/\/moviediscopuntacana.com\/es\/wp-json\/wp\/v2\/comments?post=2047"}],"wp:featuredmedia":[{"embeddable":true,"href":"https:\/\/moviediscopuntacana.com\/es\/wp-json\/wp\/v2\/media\/2049"}],"wp:attachment":[{"href":"https:\/\/moviediscopuntacana.com\/es\/wp-json\/wp\/v2\/media?parent=2047"}],"wp:term":[{"taxonomy":"product_brand","embeddable":true,"href":"https:\/\/moviediscopuntacana.com\/es\/wp-json\/wp\/v2\/product_brand?post=2047"},{"taxonomy":"product_cat","embeddable":true,"href":"https:\/\/moviediscopuntacana.com\/es\/wp-json\/wp\/v2\/product_cat?post=2047"},{"taxonomy":"product_tag","embeddable":true,"href":"https:\/\/moviediscopuntacana.com\/es\/wp-json\/wp\/v2\/product_tag?post=2047"}],"curies":[{"name":"wp","href":"https:\/\/api.w.org\/{rel}","templated":true}]}}